{"id":41,"date":"2023-02-17T16:50:44","date_gmt":"2023-02-17T15:50:44","guid":{"rendered":"https:\/\/umsatz-im-internet.de\/about\/"},"modified":"2023-07-28T13:28:10","modified_gmt":"2023-07-28T11:28:10","slug":"about","status":"publish","type":"page","link":"https:\/\/umsatz-im-internet.de\/en\/about\/","title":{"rendered":"About"},"content":{"rendered":"<div data-elementor-type=\"wp-page\" data-elementor-id=\"41\" class=\"elementor elementor-41\" data-elementor-post-type=\"page\">\n\t\t\t\t<div class=\"elementor-element elementor-element-1ee3ef7b e-flex e-con-boxed e-con e-parent\" data-id=\"1ee3ef7b\" data-element_type=\"container\" data-e-type=\"container\">\n\t\t\t\t\t<div class=\"e-con-inner\">\n\t\t<div class=\"elementor-element elementor-element-1e463f6b e-con-full e-flex e-con e-child\" data-id=\"1e463f6b\" data-element_type=\"container\" data-e-type=\"container\">\n\t\t\t\t<div class=\"elementor-element elementor-element-6c43b2c0 elementor-widget elementor-widget-heading\" data-id=\"6c43b2c0\" data-element_type=\"widget\" data-e-type=\"widget\" data-widget_type=\"heading.default\">\n\t\t\t\t<div class=\"elementor-widget-container\">\n\t\t\t\t\t<h1 class=\"elementor-heading-title elementor-size-default\">About me<\/h1>\t\t\t\t<\/div>\n\t\t\t\t<\/div>\n\t\t\t\t<div class=\"elementor-element elementor-element-3e9b66bb elementor-widget elementor-widget-text-editor\" data-id=\"3e9b66bb\" data-element_type=\"widget\" data-e-type=\"widget\" data-widget_type=\"text-editor.default\">\n\t\t\t\t<div class=\"elementor-widget-container\">\n\t\t\t\t\t\t\t\t\t<p>My name is Stefan Kempf and I have been working as an IT consultant for over 20 years. In many of my projects, I had the opportunity to also successfully shape online marketing as CTO. For more than 10 years, I have been intensively involved with the topic of revenue generation on the Internet and have gained a lot of experience and knowledge during this time. This blog is my platform to share my insights and tips and help others to successfully generate sales on the Internet.\"<\/p><p>The image was created with the Midjourny AI. It has a certain resemblance to me!<\/p>\t\t\t\t\t\t\t\t<\/div>\n\t\t\t\t<\/div>\n\t\t\t\t<\/div>\n\t\t<div data-dce-background-image-url=\"https:\/\/umsatz-im-internet.de\/wp-content\/uploads\/sites\/9\/2023\/07\/SK-Avatar_1080x1080.jpg\" class=\"elementor-element elementor-element-50adc97c e-con-full e-flex e-con e-child\" data-id=\"50adc97c\" data-element_type=\"container\" data-e-type=\"container\" data-settings=\"{&quot;background_background&quot;:&quot;classic&quot;}\">\n\t\t\t\t<\/div>\n\t\t\t\t\t<\/div>\n\t\t\t\t<\/div>\n\t\t<div class=\"elementor-element elementor-element-2987d1c3 e-flex e-con-boxed e-con e-parent\" data-id=\"2987d1c3\" data-element_type=\"container\" data-e-type=\"container\">\n\t\t\t\t\t<div class=\"e-con-inner\">\n\t\t\t\t<div class=\"elementor-element elementor-element-3f1cefcc elementor-widget elementor-widget-heading\" data-id=\"3f1cefcc\" data-element_type=\"widget\" data-e-type=\"widget\" data-widget_type=\"heading.default\">\n\t\t\t\t<div class=\"elementor-widget-container\">\n\t\t\t\t\t<h2 class=\"elementor-heading-title elementor-size-default\">Popular Posts:<\/h2>\t\t\t\t<\/div>\n\t\t\t\t<\/div>\n\t\t\t\t<div class=\"elementor-element elementor-element-5279ed97 elementor-posts__hover-none elementor-grid-3 elementor-grid-tablet-2 elementor-grid-mobile-1 elementor-posts--thumbnail-top elementor-widget elementor-widget-posts\" data-id=\"5279ed97\" data-element_type=\"widget\" data-e-type=\"widget\" data-settings=\"{&quot;cards_row_gap&quot;:{&quot;unit&quot;:&quot;px&quot;,&quot;size&quot;:&quot;80&quot;,&quot;sizes&quot;:[]},&quot;cards_row_gap_tablet&quot;:{&quot;unit&quot;:&quot;px&quot;,&quot;size&quot;:&quot;71&quot;,&quot;sizes&quot;:[]},&quot;cards_row_gap_mobile&quot;:{&quot;unit&quot;:&quot;px&quot;,&quot;size&quot;:&quot;30&quot;,&quot;sizes&quot;:[]},&quot;cards_columns&quot;:&quot;3&quot;,&quot;cards_columns_tablet&quot;:&quot;2&quot;,&quot;cards_columns_mobile&quot;:&quot;1&quot;}\" data-widget_type=\"posts.cards\">\n\t\t\t\t<div class=\"elementor-widget-container\">\n\t\t\t\t\t\t\t<div class=\"elementor-posts-container elementor-posts elementor-posts--skin-cards elementor-grid\" role=\"list\">\n\t\t\t\t<article class=\"elementor-post elementor-grid-item post-332 post type-post status-publish format-standard has-post-thumbnail hentry category-blog category-ki-wissen\" role=\"listitem\">\n\t\t\t<div class=\"elementor-post__card\">\n\t\t\t\t<a class=\"elementor-post__thumbnail__link\" href=\"https:\/\/umsatz-im-internet.de\/en\/januar-update-durchbrueche-in-der-ki-technologie\/\" tabindex=\"-1\" ><div class=\"elementor-post__thumbnail\"><img fetchpriority=\"high\" decoding=\"async\" width=\"800\" height=\"457\" src=\"https:\/\/umsatz-im-internet.de\/wp-content\/uploads\/sites\/9\/2024\/01\/KI-News-Jan-24.jpg\" class=\"attachment-full size-full wp-image-334\" alt=\"KI-Entwicklungen im Januar 2024\" srcset=\"https:\/\/umsatz-im-internet.de\/wp-content\/uploads\/sites\/9\/2024\/01\/KI-News-Jan-24.jpg 800w, https:\/\/umsatz-im-internet.de\/wp-content\/uploads\/sites\/9\/2024\/01\/KI-News-Jan-24-300x171.jpg 300w, https:\/\/umsatz-im-internet.de\/wp-content\/uploads\/sites\/9\/2024\/01\/KI-News-Jan-24-768x439.jpg 768w, https:\/\/umsatz-im-internet.de\/wp-content\/uploads\/sites\/9\/2024\/01\/KI-News-Jan-24-18x10.jpg 18w\" sizes=\"(max-width: 800px) 100vw, 800px\" \/><\/div><\/a>\n\t\t\t\t<div class=\"elementor-post__text\">\n\t\t\t\t<h4 class=\"elementor-post__title\">\n\t\t\t<a href=\"https:\/\/umsatz-im-internet.de\/en\/januar-update-durchbrueche-in-der-ki-technologie\/\" >\n\t\t\t\tJanuary update: Breakthroughs in AI technology\t\t\t<\/a>\n\t\t<\/h4>\n\t\t\t\t<div class=\"elementor-post__excerpt\">\n\t\t\t<p>January 2024 was a significant month for AI developments. The world of artificial intelligence (AI) experienced numerous innovations and<\/p>\n\t\t<\/div>\n\t\t\n\t\t<a class=\"elementor-post__read-more\" href=\"https:\/\/umsatz-im-internet.de\/en\/januar-update-durchbrueche-in-der-ki-technologie\/\" aria-label=\"Read more about January update: Breakthroughs in AI technology\" tabindex=\"-1\" >\n\t\t\tRead More\t\t<\/a>\n\n\t\t\t\t<\/div>\n\t\t\t\t\t<\/div>\n\t\t<\/article>\n\t\t\t\t<article class=\"elementor-post elementor-grid-item post-315 post type-post status-publish format-standard has-post-thumbnail hentry category-blog category-ki-wissen\" role=\"listitem\">\n\t\t\t<div class=\"elementor-post__card\">\n\t\t\t\t<a class=\"elementor-post__thumbnail__link\" href=\"https:\/\/umsatz-im-internet.de\/en\/alles-was-sie-ueber-das-neue-google-bard-update-wissen-muessen\/\" tabindex=\"-1\" ><div class=\"elementor-post__thumbnail\"><img decoding=\"async\" width=\"800\" height=\"432\" src=\"https:\/\/umsatz-im-internet.de\/wp-content\/uploads\/sites\/9\/2023\/09\/Bard-Post-Title_v2.jpg\" class=\"attachment-full size-full wp-image-320\" alt=\"Google Bard-Update\" srcset=\"https:\/\/umsatz-im-internet.de\/wp-content\/uploads\/sites\/9\/2023\/09\/Bard-Post-Title_v2.jpg 800w, https:\/\/umsatz-im-internet.de\/wp-content\/uploads\/sites\/9\/2023\/09\/Bard-Post-Title_v2-300x162.jpg 300w, https:\/\/umsatz-im-internet.de\/wp-content\/uploads\/sites\/9\/2023\/09\/Bard-Post-Title_v2-768x415.jpg 768w, https:\/\/umsatz-im-internet.de\/wp-content\/uploads\/sites\/9\/2023\/09\/Bard-Post-Title_v2-18x10.jpg 18w\" sizes=\"(max-width: 800px) 100vw, 800px\" \/><\/div><\/a>\n\t\t\t\t<div class=\"elementor-post__text\">\n\t\t\t\t<h4 class=\"elementor-post__title\">\n\t\t\t<a href=\"https:\/\/umsatz-im-internet.de\/en\/alles-was-sie-ueber-das-neue-google-bard-update-wissen-muessen\/\" >\n\t\t\t\tEverything you need to know about the new Google Bard update\t\t\t<\/a>\n\t\t<\/h4>\n\t\t\t\t<div class=\"elementor-post__excerpt\">\n\t\t\t<p>The latest update to Google Bard is revolutionizing the way we use Google services. Learn all about the new features, from Gmail integration to simplified travel booking. Discover how this update takes your user experience to a new level.<\/p>\n\t\t<\/div>\n\t\t\n\t\t<a class=\"elementor-post__read-more\" href=\"https:\/\/umsatz-im-internet.de\/en\/alles-was-sie-ueber-das-neue-google-bard-update-wissen-muessen\/\" aria-label=\"Read more about Everything you need to know about the new Google Bard update\" tabindex=\"-1\" >\n\t\t\tRead More\t\t<\/a>\n\n\t\t\t\t<\/div>\n\t\t\t\t\t<\/div>\n\t\t<\/article>\n\t\t\t\t<article class=\"elementor-post elementor-grid-item post-307 post type-post status-publish format-standard has-post-thumbnail hentry category-blog category-ki-loesungen\" role=\"listitem\">\n\t\t\t<div class=\"elementor-post__card\">\n\t\t\t\t<a class=\"elementor-post__thumbnail__link\" href=\"https:\/\/umsatz-im-internet.de\/en\/revolutionierung-von-seo-strategien-mit-ki-gesteuerten-content-optimierungstools\/\" tabindex=\"-1\" ><div class=\"elementor-post__thumbnail\"><img decoding=\"async\" width=\"800\" height=\"448\" src=\"https:\/\/umsatz-im-internet.de\/wp-content\/uploads\/sites\/9\/2023\/09\/KI-Robot-1_800x448.jpg\" class=\"attachment-full size-full wp-image-310\" alt=\"KI-gesteuerte Content-Optimierungstools\" srcset=\"https:\/\/umsatz-im-internet.de\/wp-content\/uploads\/sites\/9\/2023\/09\/KI-Robot-1_800x448.jpg 800w, https:\/\/umsatz-im-internet.de\/wp-content\/uploads\/sites\/9\/2023\/09\/KI-Robot-1_800x448-300x168.jpg 300w, https:\/\/umsatz-im-internet.de\/wp-content\/uploads\/sites\/9\/2023\/09\/KI-Robot-1_800x448-768x430.jpg 768w, https:\/\/umsatz-im-internet.de\/wp-content\/uploads\/sites\/9\/2023\/09\/KI-Robot-1_800x448-18x10.jpg 18w\" sizes=\"(max-width: 800px) 100vw, 800px\" \/><\/div><\/a>\n\t\t\t\t<div class=\"elementor-post__text\">\n\t\t\t\t<h4 class=\"elementor-post__title\">\n\t\t\t<a href=\"https:\/\/umsatz-im-internet.de\/en\/revolutionierung-von-seo-strategien-mit-ki-gesteuerten-content-optimierungstools\/\" >\n\t\t\t\tRevolutionizing SEO Strategies with AI-Driven Content Optimization Tools\t\t\t<\/a>\n\t\t<\/h4>\n\t\t\t\t<div class=\"elementor-post__excerpt\">\n\t\t\t<p>Introduction In the fast-paced field of digital marketing, it is crucial to stay one step ahead. While traditional search engine optimization (SEO)<\/p>\n\t\t<\/div>\n\t\t\n\t\t<a class=\"elementor-post__read-more\" href=\"https:\/\/umsatz-im-internet.de\/en\/revolutionierung-von-seo-strategien-mit-ki-gesteuerten-content-optimierungstools\/\" aria-label=\"Read more about Revolutionizing SEO strategies with AI-driven content optimization tools\" tabindex=\"-1\" >\n\t\t\tRead More\t\t<\/a>\n\n\t\t\t\t<\/div>\n\t\t\t\t\t<\/div>\n\t\t<\/article>\n\t\t\t\t<\/div>\n\t\t\n\t\t\t\t\t\t<\/div>\n\t\t\t\t<\/div>\n\t\t\t\t\t<\/div>\n\t\t\t\t<\/div>\n\t\t\t\t<\/div>","protected":false},"excerpt":{"rendered":"<p>\u00dcber mich Mein Name ist Stefan Kempf und ich bin seit \u00fcber 20 Jahren als IT-Consultant t\u00e4tig. In vielen meiner Projekte hatte ich die M\u00f6glichkeit, als CTO auch das Online-Marketing erfolgreich mitzugestalten. Seit mehr als 10 Jahren besch\u00e4ftige ich mich intensiv mit dem Thema Umsatzgenerierung im Internet und habe in dieser Zeit viel Erfahrung und [&hellip;]<\/p>\n","protected":false},"author":10,"featured_media":0,"parent":0,"menu_order":0,"comment_status":"closed","ping_status":"closed","template":"elementor_header_footer","meta":{"footnotes":""},"class_list":["post-41","page","type-page","status-publish","hentry"],"yoast_head":"<!-- This site is optimized with the Yoast SEO Premium plugin v20.1 (Yoast SEO v26.9) - https:\/\/yoast.com\/product\/yoast-seo-premium-wordpress\/ -->\n<title>About - Blog f\u00fcr Umsatz im Internet<\/title>\n<meta name=\"robots\" content=\"index, follow, max-snippet:-1, max-image-preview:large, max-video-preview:-1\" \/>\n<link rel=\"canonical\" href=\"https:\/\/umsatz-im-internet.de\/en\/about\/\" \/>\n<meta property=\"og:locale\" content=\"en_GB\" \/>\n<meta property=\"og:type\" content=\"article\" \/>\n<meta property=\"og:title\" content=\"About\" \/>\n<meta property=\"og:description\" content=\"\u00dcber mich Mein Name ist Stefan Kempf und ich bin seit \u00fcber 20 Jahren als IT-Consultant t\u00e4tig. In vielen meiner Projekte hatte ich die M\u00f6glichkeit, als CTO auch das Online-Marketing erfolgreich mitzugestalten. Seit mehr als 10 Jahren besch\u00e4ftige ich mich intensiv mit dem Thema Umsatzgenerierung im Internet und habe in dieser Zeit viel Erfahrung und [&hellip;]\" \/>\n<meta property=\"og:url\" content=\"https:\/\/umsatz-im-internet.de\/en\/about\/\" \/>\n<meta property=\"og:site_name\" content=\"Blog f\u00fcr Umsatz im Internet\" \/>\n<meta property=\"article:modified_time\" content=\"2023-07-28T11:28:10+00:00\" \/>\n<meta name=\"twitter:card\" content=\"summary_large_image\" \/>\n<meta name=\"twitter:label1\" content=\"Estimated reading time\" \/>\n\t<meta name=\"twitter:data1\" content=\"2 minutes\" \/>\n<script type=\"application\/ld+json\" class=\"yoast-schema-graph\">{\"@context\":\"https:\/\/schema.org\",\"@graph\":[{\"@type\":\"WebPage\",\"@id\":\"https:\/\/umsatz-im-internet.de\/about\/\",\"url\":\"https:\/\/umsatz-im-internet.de\/about\/\",\"name\":\"About - Blog f\u00fcr Umsatz im Internet\",\"isPartOf\":{\"@id\":\"https:\/\/umsatz-im-internet.de\/#website\"},\"datePublished\":\"2023-02-17T15:50:44+00:00\",\"dateModified\":\"2023-07-28T11:28:10+00:00\",\"breadcrumb\":{\"@id\":\"https:\/\/umsatz-im-internet.de\/about\/#breadcrumb\"},\"inLanguage\":\"en-GB\",\"potentialAction\":[{\"@type\":\"ReadAction\",\"target\":[\"https:\/\/umsatz-im-internet.de\/about\/\"]}]},{\"@type\":\"BreadcrumbList\",\"@id\":\"https:\/\/umsatz-im-internet.de\/about\/#breadcrumb\",\"itemListElement\":[{\"@type\":\"ListItem\",\"position\":1,\"name\":\"Startseite\",\"item\":\"https:\/\/umsatz-im-internet.de\/\"},{\"@type\":\"ListItem\",\"position\":2,\"name\":\"About\"}]},{\"@type\":\"WebSite\",\"@id\":\"https:\/\/umsatz-im-internet.de\/#website\",\"url\":\"https:\/\/umsatz-im-internet.de\/\",\"name\":\"Blog f\u00fcr Umsatz im Internet\",\"description\":\"\",\"publisher\":{\"@id\":\"https:\/\/umsatz-im-internet.de\/#organization\"},\"potentialAction\":[{\"@type\":\"SearchAction\",\"target\":{\"@type\":\"EntryPoint\",\"urlTemplate\":\"https:\/\/umsatz-im-internet.de\/?s={search_term_string}\"},\"query-input\":{\"@type\":\"PropertyValueSpecification\",\"valueRequired\":true,\"valueName\":\"search_term_string\"}}],\"inLanguage\":\"en-GB\"},{\"@type\":\"Organization\",\"@id\":\"https:\/\/umsatz-im-internet.de\/#organization\",\"name\":\"Blog f\u00fcr Umsatz im Internet\",\"url\":\"https:\/\/umsatz-im-internet.de\/\",\"logo\":{\"@type\":\"ImageObject\",\"inLanguage\":\"en-GB\",\"@id\":\"https:\/\/umsatz-im-internet.de\/#\/schema\/logo\/image\/\",\"url\":\"https:\/\/umsatz-im-internet.de\/wp-content\/uploads\/sites\/9\/2023\/02\/dark_with_white_background-600x300-1.jpg\",\"contentUrl\":\"https:\/\/umsatz-im-internet.de\/wp-content\/uploads\/sites\/9\/2023\/02\/dark_with_white_background-600x300-1.jpg\",\"width\":600,\"height\":300,\"caption\":\"Blog f\u00fcr Umsatz im Internet\"},\"image\":{\"@id\":\"https:\/\/umsatz-im-internet.de\/#\/schema\/logo\/image\/\"}}]}<\/script>\n<!-- \/ Yoast SEO Premium plugin. -->","yoast_head_json":{"title":"About - Blog f\u00fcr Umsatz im Internet","robots":{"index":"index","follow":"follow","max-snippet":"max-snippet:-1","max-image-preview":"max-image-preview:large","max-video-preview":"max-video-preview:-1"},"canonical":"https:\/\/umsatz-im-internet.de\/en\/about\/","og_locale":"en_GB","og_type":"article","og_title":"About","og_description":"\u00dcber mich Mein Name ist Stefan Kempf und ich bin seit \u00fcber 20 Jahren als IT-Consultant t\u00e4tig. In vielen meiner Projekte hatte ich die M\u00f6glichkeit, als CTO auch das Online-Marketing erfolgreich mitzugestalten. Seit mehr als 10 Jahren besch\u00e4ftige ich mich intensiv mit dem Thema Umsatzgenerierung im Internet und habe in dieser Zeit viel Erfahrung und [&hellip;]","og_url":"https:\/\/umsatz-im-internet.de\/en\/about\/","og_site_name":"Blog f\u00fcr Umsatz im Internet","article_modified_time":"2023-07-28T11:28:10+00:00","twitter_card":"summary_large_image","twitter_misc":{"Estimated reading time":"2 minutes"},"schema":{"@context":"https:\/\/schema.org","@graph":[{"@type":"WebPage","@id":"https:\/\/umsatz-im-internet.de\/about\/","url":"https:\/\/umsatz-im-internet.de\/about\/","name":"About - Blog f\u00fcr Umsatz im Internet","isPartOf":{"@id":"https:\/\/umsatz-im-internet.de\/#website"},"datePublished":"2023-02-17T15:50:44+00:00","dateModified":"2023-07-28T11:28:10+00:00","breadcrumb":{"@id":"https:\/\/umsatz-im-internet.de\/about\/#breadcrumb"},"inLanguage":"en-GB","potentialAction":[{"@type":"ReadAction","target":["https:\/\/umsatz-im-internet.de\/about\/"]}]},{"@type":"BreadcrumbList","@id":"https:\/\/umsatz-im-internet.de\/about\/#breadcrumb","itemListElement":[{"@type":"ListItem","position":1,"name":"Startseite","item":"https:\/\/umsatz-im-internet.de\/"},{"@type":"ListItem","position":2,"name":"About"}]},{"@type":"WebSite","@id":"https:\/\/umsatz-im-internet.de\/#website","url":"https:\/\/umsatz-im-internet.de\/","name":"Blog for online sales","description":"","publisher":{"@id":"https:\/\/umsatz-im-internet.de\/#organization"},"potentialAction":[{"@type":"SearchAction","target":{"@type":"EntryPoint","urlTemplate":"https:\/\/umsatz-im-internet.de\/?s={search_term_string}"},"query-input":{"@type":"PropertyValueSpecification","valueRequired":true,"valueName":"search_term_string"}}],"inLanguage":"en-GB"},{"@type":"Organization","@id":"https:\/\/umsatz-im-internet.de\/#organization","name":"Blog for online sales","url":"https:\/\/umsatz-im-internet.de\/","logo":{"@type":"ImageObject","inLanguage":"en-GB","@id":"https:\/\/umsatz-im-internet.de\/#\/schema\/logo\/image\/","url":"https:\/\/umsatz-im-internet.de\/wp-content\/uploads\/sites\/9\/2023\/02\/dark_with_white_background-600x300-1.jpg","contentUrl":"https:\/\/umsatz-im-internet.de\/wp-content\/uploads\/sites\/9\/2023\/02\/dark_with_white_background-600x300-1.jpg","width":600,"height":300,"caption":"Blog f\u00fcr Umsatz im Internet"},"image":{"@id":"https:\/\/umsatz-im-internet.de\/#\/schema\/logo\/image\/"}}]}},"_links":{"self":[{"href":"https:\/\/umsatz-im-internet.de\/en\/wp-json\/wp\/v2\/pages\/41","targetHints":{"allow":["GET"]}}],"collection":[{"href":"https:\/\/umsatz-im-internet.de\/en\/wp-json\/wp\/v2\/pages"}],"about":[{"href":"https:\/\/umsatz-im-internet.de\/en\/wp-json\/wp\/v2\/types\/page"}],"author":[{"embeddable":true,"href":"https:\/\/umsatz-im-internet.de\/en\/wp-json\/wp\/v2\/users\/10"}],"replies":[{"embeddable":true,"href":"https:\/\/umsatz-im-internet.de\/en\/wp-json\/wp\/v2\/comments?post=41"}],"version-history":[{"count":18,"href":"https:\/\/umsatz-im-internet.de\/en\/wp-json\/wp\/v2\/pages\/41\/revisions"}],"predecessor-version":[{"id":304,"href":"https:\/\/umsatz-im-internet.de\/en\/wp-json\/wp\/v2\/pages\/41\/revisions\/304"}],"wp:attachment":[{"href":"https:\/\/umsatz-im-internet.de\/en\/wp-json\/wp\/v2\/media?parent=41"}],"curies":[{"name":"wp","href":"https:\/\/api.w.org\/{rel}","templated":true}]}}